{"id":329,"date":"2021-12-24T17:05:59","date_gmt":"2021-12-24T16:05:59","guid":{"rendered":"http:\/\/csf-sartrouville.fr\/?page_id=329"},"modified":"2025-02-06T11:10:57","modified_gmt":"2025-02-06T10:10:57","slug":"conseil-juridique","status":"publish","type":"page","link":"https:\/\/csf-sartrouville.fr\/index.php\/agir-ensemble\/conseil-juridique\/","title":{"rendered":"Conseil juridique"},"content":{"rendered":"\n<div class=\"wp-block-cover is-light has-parallax\" style=\"min-height:320px;aspect-ratio:unset;\"><span aria-hidden=\"true\" class=\"wp-block-cover__background has-background-dim\"><\/span><div class=\"wp-block-cover__image-background wp-image-794 has-parallax\" style=\"background-position:50% 50%;background-image:url(https:\/\/csf-sartrouville.fr\/wp-content\/uploads\/2022\/01\/court-hammer-and-books-judgment-and-law-concept-2-scaled.jpg)\"><\/div><div class=\"wp-block-cover__inner-container is-layout-flow wp-block-cover-is-layout-flow\">\n<p class=\"has-text-align-center has-white-color has-text-color has-medium-font-size\">Vous avez besoin d\u2019un conseil juridique et vous souhaitez demander \u00e0 b\u00e9n\u00e9ficier de l\u2019aide juridictionnelle ? <br><br>Notre conseiller juridique a une permanence le vendredi matin au 4 &#8211; 6 rue du March\u00e9 \u00e0 Sartrouville , prenez rendez-vous au 01 30 86 90 62 pour continuer un dossier de demande d&rsquo;aide.<\/p>\n<\/div><\/div>\n\n\n\n<div style=\"height:0px\" aria-hidden=\"true\" class=\"wp-block-spacer\"><\/div>\n\n\n\n<p>Nos m\u00e9diatrices vous re\u00e7oivent sur rendez-vous (en t\u00e9l\u00e9phonant au 01 30 86 90 62) au 4\/6 rue du March\u00e9 \u00e0 Sartrouville , tous es jours du lundi au vendredi de 9h \u00e0 12h30 et de 13h30 \u00e0 17h (18h le jeudi), pour vous aider dans vos d\u00e9marches administratives ou r\u00e9diger vos courriers ( demandes de logement, dossiers CAF, CPAM, CNAV, demandes de titres de s\u00e9jour, dossiers de naturalisation, etc.)<\/p>\n\n\n\n<p><\/p>\n","protected":false},"excerpt":{"rendered":"<p>Nos m\u00e9diatrices vous re\u00e7oivent sur rendez-vous (en t\u00e9l\u00e9phonant au 01 30 86 90 62) au 4\/6 rue du March\u00e9 \u00e0 Sartrouville , tous es jours du lundi au vendredi de 9h \u00e0 12h30 et de 13h30 \u00e0 17h (18h le jeudi), pour vous aider dans vos d\u00e9marches administratives ou r\u00e9diger vos courriers ( demandes de [&hellip;]<\/p>\n","protected":false},"author":1,"featured_media":0,"parent":55,"menu_order":4,"comment_status":"closed","ping_status":"closed","template":"page-templates\/page-nosidebars.php","meta":{"footnotes":""},"class_list":["post-329","page","type-page","status-publish","hentry"],"yoast_head":"<!-- This site is optimized with the Yoast SEO plugin v18.1 - https:\/\/yoast.com\/wordpress\/plugins\/seo\/ -->\n<title>aide juridique<\/title>\n<meta name=\"robots\" content=\"index, follow, max-snippet:-1, max-image-preview:large, max-video-preview:-1\" \/>\n<link rel=\"canonical\" href=\"https:\/\/csf-sartrouville.fr\/index.php\/agir-ensemble\/conseil-juridique\/\" \/>\n<meta property=\"og:locale\" content=\"fr_FR\" \/>\n<meta property=\"og:type\" content=\"article\" \/>\n<meta property=\"og:title\" content=\"aide juridique\" \/>\n<meta property=\"og:description\" content=\"Nos m\u00e9diatrices vous re\u00e7oivent sur rendez-vous (en t\u00e9l\u00e9phonant au 01 30 86 90 62) au 4\/6 rue du March\u00e9 \u00e0 Sartrouville , tous es jours du lundi au vendredi de 9h \u00e0 12h30 et de 13h30 \u00e0 17h (18h le jeudi), pour vous aider dans vos d\u00e9marches administratives ou r\u00e9diger vos courriers ( demandes de [&hellip;]\" \/>\n<meta property=\"og:url\" content=\"https:\/\/csf-sartrouville.fr\/index.php\/agir-ensemble\/conseil-juridique\/\" \/>\n<meta property=\"article:modified_time\" content=\"2025-02-06T10:10:57+00:00\" \/>\n<meta name=\"twitter:card\" content=\"summary_large_image\" \/>\n<meta name=\"twitter:label1\" content=\"Dur\u00e9e de lecture estim\u00e9e\" \/>\n\t<meta name=\"twitter:data1\" content=\"1 minute\" \/>\n<script type=\"application\/ld+json\" class=\"yoast-schema-graph\">{\"@context\":\"https:\/\/schema.org\",\"@graph\":[{\"@type\":\"Organization\",\"@id\":\"https:\/\/csf-sartrouville.fr\/#organization\",\"name\":\"CSF SARTROUVILLE\",\"url\":\"https:\/\/csf-sartrouville.fr\/\",\"sameAs\":[],\"logo\":{\"@type\":\"ImageObject\",\"@id\":\"https:\/\/csf-sartrouville.fr\/#logo\",\"inLanguage\":\"fr-FR\",\"url\":\"https:\/\/csf-sartrouville.fr\/wp-content\/uploads\/2021\/11\/csf.jpg\",\"contentUrl\":\"https:\/\/csf-sartrouville.fr\/wp-content\/uploads\/2021\/11\/csf.jpg\",\"width\":214,\"height\":214,\"caption\":\"CSF SARTROUVILLE\"},\"image\":{\"@id\":\"https:\/\/csf-sartrouville.fr\/#logo\"}},{\"@type\":\"WebSite\",\"@id\":\"https:\/\/csf-sartrouville.fr\/#website\",\"url\":\"https:\/\/csf-sartrouville.fr\/\",\"name\":\"\",\"description\":\"\",\"publisher\":{\"@id\":\"https:\/\/csf-sartrouville.fr\/#organization\"},\"potentialAction\":[{\"@type\":\"SearchAction\",\"target\":{\"@type\":\"EntryPoint\",\"urlTemplate\":\"https:\/\/csf-sartrouville.fr\/?s={search_term_string}\"},\"query-input\":\"required name=search_term_string\"}],\"inLanguage\":\"fr-FR\"},{\"@type\":\"WebPage\",\"@id\":\"https:\/\/csf-sartrouville.fr\/index.php\/agir-ensemble\/conseil-juridique\/#webpage\",\"url\":\"https:\/\/csf-sartrouville.fr\/index.php\/agir-ensemble\/conseil-juridique\/\",\"name\":\"aide juridique\",\"isPartOf\":{\"@id\":\"https:\/\/csf-sartrouville.fr\/#website\"},\"datePublished\":\"2021-12-24T16:05:59+00:00\",\"dateModified\":\"2025-02-06T10:10:57+00:00\",\"breadcrumb\":{\"@id\":\"https:\/\/csf-sartrouville.fr\/index.php\/agir-ensemble\/conseil-juridique\/#breadcrumb\"},\"inLanguage\":\"fr-FR\",\"potentialAction\":[{\"@type\":\"ReadAction\",\"target\":[\"https:\/\/csf-sartrouville.fr\/index.php\/agir-ensemble\/conseil-juridique\/\"]}]},{\"@type\":\"BreadcrumbList\",\"@id\":\"https:\/\/csf-sartrouville.fr\/index.php\/agir-ensemble\/conseil-juridique\/#breadcrumb\",\"itemListElement\":[{\"@type\":\"ListItem\",\"position\":1,\"name\":\"Accueil\",\"item\":\"https:\/\/csf-sartrouville.fr\/\"},{\"@type\":\"ListItem\",\"position\":2,\"name\":\"Agir ensemble\",\"item\":\"https:\/\/csf-sartrouville.fr\/index.php\/agir-ensemble\/\"},{\"@type\":\"ListItem\",\"position\":3,\"name\":\"Conseil juridique\"}]}]}<\/script>\n<!-- \/ Yoast SEO plugin. -->","yoast_head_json":{"title":"aide juridique","robots":{"index":"index","follow":"follow","max-snippet":"max-snippet:-1","max-image-preview":"max-image-preview:large","max-video-preview":"max-video-preview:-1"},"canonical":"https:\/\/csf-sartrouville.fr\/index.php\/agir-ensemble\/conseil-juridique\/","og_locale":"fr_FR","og_type":"article","og_title":"aide juridique","og_description":"Nos m\u00e9diatrices vous re\u00e7oivent sur rendez-vous (en t\u00e9l\u00e9phonant au 01 30 86 90 62) au 4\/6 rue du March\u00e9 \u00e0 Sartrouville , tous es jours du lundi au vendredi de 9h \u00e0 12h30 et de 13h30 \u00e0 17h (18h le jeudi), pour vous aider dans vos d\u00e9marches administratives ou r\u00e9diger vos courriers ( demandes de [&hellip;]","og_url":"https:\/\/csf-sartrouville.fr\/index.php\/agir-ensemble\/conseil-juridique\/","article_modified_time":"2025-02-06T10:10:57+00:00","twitter_card":"summary_large_image","twitter_misc":{"Dur\u00e9e de lecture estim\u00e9e":"1 minute"},"schema":{"@context":"https:\/\/schema.org","@graph":[{"@type":"Organization","@id":"https:\/\/csf-sartrouville.fr\/#organization","name":"CSF SARTROUVILLE","url":"https:\/\/csf-sartrouville.fr\/","sameAs":[],"logo":{"@type":"ImageObject","@id":"https:\/\/csf-sartrouville.fr\/#logo","inLanguage":"fr-FR","url":"https:\/\/csf-sartrouville.fr\/wp-content\/uploads\/2021\/11\/csf.jpg","contentUrl":"https:\/\/csf-sartrouville.fr\/wp-content\/uploads\/2021\/11\/csf.jpg","width":214,"height":214,"caption":"CSF SARTROUVILLE"},"image":{"@id":"https:\/\/csf-sartrouville.fr\/#logo"}},{"@type":"WebSite","@id":"https:\/\/csf-sartrouville.fr\/#website","url":"https:\/\/csf-sartrouville.fr\/","name":"","description":"","publisher":{"@id":"https:\/\/csf-sartrouville.fr\/#organization"},"potentialAction":[{"@type":"SearchAction","target":{"@type":"EntryPoint","urlTemplate":"https:\/\/csf-sartrouville.fr\/?s={search_term_string}"},"query-input":"required name=search_term_string"}],"inLanguage":"fr-FR"},{"@type":"WebPage","@id":"https:\/\/csf-sartrouville.fr\/index.php\/agir-ensemble\/conseil-juridique\/#webpage","url":"https:\/\/csf-sartrouville.fr\/index.php\/agir-ensemble\/conseil-juridique\/","name":"aide juridique","isPartOf":{"@id":"https:\/\/csf-sartrouville.fr\/#website"},"datePublished":"2021-12-24T16:05:59+00:00","dateModified":"2025-02-06T10:10:57+00:00","breadcrumb":{"@id":"https:\/\/csf-sartrouville.fr\/index.php\/agir-ensemble\/conseil-juridique\/#breadcrumb"},"inLanguage":"fr-FR","potentialAction":[{"@type":"ReadAction","target":["https:\/\/csf-sartrouville.fr\/index.php\/agir-ensemble\/conseil-juridique\/"]}]},{"@type":"BreadcrumbList","@id":"https:\/\/csf-sartrouville.fr\/index.php\/agir-ensemble\/conseil-juridique\/#breadcrumb","itemListElement":[{"@type":"ListItem","position":1,"name":"Accueil","item":"https:\/\/csf-sartrouville.fr\/"},{"@type":"ListItem","position":2,"name":"Agir ensemble","item":"https:\/\/csf-sartrouville.fr\/index.php\/agir-ensemble\/"},{"@type":"ListItem","position":3,"name":"Conseil juridique"}]}]}},"jetpack_sharing_enabled":true,"_links":{"self":[{"href":"https:\/\/csf-sartrouville.fr\/index.php\/wp-json\/wp\/v2\/pages\/329","targetHints":{"allow":["GET"]}}],"collection":[{"href":"https:\/\/csf-sartrouville.fr\/index.php\/wp-json\/wp\/v2\/pages"}],"about":[{"href":"https:\/\/csf-sartrouville.fr\/index.php\/wp-json\/wp\/v2\/types\/page"}],"author":[{"embeddable":true,"href":"https:\/\/csf-sartrouville.fr\/index.php\/wp-json\/wp\/v2\/users\/1"}],"replies":[{"embeddable":true,"href":"https:\/\/csf-sartrouville.fr\/index.php\/wp-json\/wp\/v2\/comments?post=329"}],"version-history":[{"count":12,"href":"https:\/\/csf-sartrouville.fr\/index.php\/wp-json\/wp\/v2\/pages\/329\/revisions"}],"predecessor-version":[{"id":1250,"href":"https:\/\/csf-sartrouville.fr\/index.php\/wp-json\/wp\/v2\/pages\/329\/revisions\/1250"}],"up":[{"embeddable":true,"href":"https:\/\/csf-sartrouville.fr\/index.php\/wp-json\/wp\/v2\/pages\/55"}],"wp:attachment":[{"href":"https:\/\/csf-sartrouville.fr\/index.php\/wp-json\/wp\/v2\/media?parent=329"}],"curies":[{"name":"wp","href":"https:\/\/api.w.org\/{rel}","templated":true}]}}