{"id":281,"date":"2021-12-14T21:57:46","date_gmt":"2021-12-14T20:57:46","guid":{"rendered":"https:\/\/csf-sartrouville.fr\/?page_id=281"},"modified":"2025-09-01T18:44:52","modified_gmt":"2025-09-01T16:44:52","slug":"nous-rejoindre","status":"publish","type":"page","link":"https:\/\/csf-sartrouville.fr\/index.php\/nous-rejoindre\/","title":{"rendered":"Nous rejoindre"},"content":{"rendered":"\n<div class=\"wp-block-cover is-light has-parallax is-repeated\" style=\"min-height:215px;aspect-ratio:unset;\"><span aria-hidden=\"true\" class=\"wp-block-cover__background has-background-dim\"><\/span><div class=\"wp-block-cover__image-background wp-image-626 has-parallax is-repeated\" style=\"background-position:61% 58%;background-image:url(https:\/\/csf-sartrouville.fr\/wp-content\/uploads\/2022\/01\/pexels-mikhail-nilov-8543136-scaled.jpg)\"><\/div><div class=\"wp-block-cover__inner-container is-layout-flow wp-block-cover-is-layout-flow\">\n<p class=\"has-text-align-center has-white-color has-text-color has-large-font-size\">Les missions des b\u00e9n\u00e9voles<\/p>\n<\/div><\/div>\n\n\n\n<p><\/p>\n\n\n\n<p><\/p>\n\n\n\n<p class=\"has-normal-font-size\">Vous avez un peu (ou beaucoup) de temps disponible pour mettre votre exp\u00e9rience au service des autres. L\u2019association est g\u00e9r\u00e9e par un Conseil syndical dont les membres sont tous b\u00e9n\u00e9voles.<br>Les s\u00e9ances d\u2019aide au devoir sont anim\u00e9es par la directrice du service, par des vacataires mais aussi par des b\u00e9n\u00e9voles. <\/p>\n\n\n\n<p class=\"has-normal-font-size\">Vous avez des projets et vous adh\u00e9rez aux valeurs de la CSF, nous sommes \u00e0 votre \u00e9coute pour vous aider \u00e0 les r\u00e9aliser. Et la vie d\u2019une association ce sont aussi de multiples petites t\u00e2ches \u00e0 partager.<\/p>\n\n\n\n<p><\/p>\n\n\n\n<div class=\"wp-block-cover is-light has-parallax is-repeated\" style=\"min-height:215px;aspect-ratio:unset;\"><span aria-hidden=\"true\" class=\"wp-block-cover__background has-background-dim\"><\/span><div class=\"wp-block-cover__image-background wp-image-626 has-parallax is-repeated\" style=\"background-position:61% 58%;background-image:url(https:\/\/csf-sartrouville.fr\/wp-content\/uploads\/2022\/01\/pexels-mikhail-nilov-8543136-scaled.jpg)\"><\/div><div class=\"wp-block-cover__inner-container is-layout-flow wp-block-cover-is-layout-flow\">\n<p class=\"has-text-align-center has-white-color has-text-color has-large-font-size\">Comment adh\u00e9rer \u00e0 la CSF ? <\/p>\n<\/div><\/div>\n\n\n\n<p><\/p>\n\n\n\n<p><\/p>\n\n\n\n<p class=\"has-normal-font-size\">Vous pouvez adh\u00e9rer \u00e0 l\u2019association en tant que personne (par exemple si vous vivez seul) ou pour toute la famille (adultes et enfants vivant sous le m\u00eame toit), pour <strong>40\u20ac<\/strong> et pour l\u2019ann\u00e9e civile.<\/p>\n\n\n\n<p class=\"has-normal-font-size\">Prenez rendez-vous avec l\u2019un des salari\u00e9s de l\u2019association ou l\u2019un des membres du bureau du conseil syndical ou \u00e9crivez-nous \u00e0 <a href=\"mailto:lacsf.sartrouville@orange.fr\">lacsf.sartrouville@orange.fr<\/a> ou en t\u00e9l\u00e9phonant au <a href=\"tel:0671563378\">06-71-56-33-78<\/a><\/p>\n\n\n\n<p style=\"font-size:16px\">Il est d\u00e9sormais possible de rejoindre <strong>la CSF<\/strong> en adh\u00e9rant via la plateforme <a href=\"https:\/\/www.helloasso.com\/associations\/csf-sartrouville\/adhesions\/adhesion-csf-sartrouville-2025\">HelloAsso<\/a>  <a href=\"https:\/\/www.helloasso.com\/associations\/csf-sartrouville\/adhesions\/adhesion-csf-sartrouville-2025\">https:\/\/www.helloasso.com\/associations\/csf-sartrouville\/adhesions\/adhesion-csf-sartrouville-2025<\/a><\/p>\n\n\n\n<p><\/p>\n","protected":false},"excerpt":{"rendered":"<p>Vous avez un peu (ou beaucoup) de temps disponible pour mettre votre exp\u00e9rience au service des autres. L\u2019association est g\u00e9r\u00e9e par un Conseil syndical dont les membres sont tous b\u00e9n\u00e9voles.Les s\u00e9ances d\u2019aide au devoir sont anim\u00e9es par la directrice du service, par des vacataires mais aussi par des b\u00e9n\u00e9voles. Vous avez des projets et vous [&hellip;]<\/p>\n","protected":false},"author":1,"featured_media":0,"parent":0,"menu_order":0,"comment_status":"closed","ping_status":"closed","template":"page-templates\/page-nosidebars.php","meta":{"footnotes":""},"class_list":["post-281","page","type-page","status-publish","hentry"],"yoast_head":"<!-- This site is optimized with the Yoast SEO plugin v18.1 - https:\/\/yoast.com\/wordpress\/plugins\/seo\/ -->\n<title>Nous rejoindre -<\/title>\n<meta name=\"robots\" content=\"index, follow, max-snippet:-1, max-image-preview:large, max-video-preview:-1\" \/>\n<link rel=\"canonical\" href=\"https:\/\/csf-sartrouville.fr\/index.php\/nous-rejoindre\/\" \/>\n<meta property=\"og:locale\" content=\"fr_FR\" \/>\n<meta property=\"og:type\" content=\"article\" \/>\n<meta property=\"og:title\" content=\"Nous rejoindre -\" \/>\n<meta property=\"og:description\" content=\"Vous avez un peu (ou beaucoup) de temps disponible pour mettre votre exp\u00e9rience au service des autres. L\u2019association est g\u00e9r\u00e9e par un Conseil syndical dont les membres sont tous b\u00e9n\u00e9voles.Les s\u00e9ances d\u2019aide au devoir sont anim\u00e9es par la directrice du service, par des vacataires mais aussi par des b\u00e9n\u00e9voles. Vous avez des projets et vous [&hellip;]\" \/>\n<meta property=\"og:url\" content=\"https:\/\/csf-sartrouville.fr\/index.php\/nous-rejoindre\/\" \/>\n<meta property=\"article:modified_time\" content=\"2025-09-01T16:44:52+00:00\" \/>\n<meta name=\"twitter:card\" content=\"summary_large_image\" \/>\n<meta name=\"twitter:label1\" content=\"Dur\u00e9e de lecture estim\u00e9e\" \/>\n\t<meta name=\"twitter:data1\" content=\"1 minute\" \/>\n<script type=\"application\/ld+json\" class=\"yoast-schema-graph\">{\"@context\":\"https:\/\/schema.org\",\"@graph\":[{\"@type\":\"Organization\",\"@id\":\"https:\/\/csf-sartrouville.fr\/#organization\",\"name\":\"CSF SARTROUVILLE\",\"url\":\"https:\/\/csf-sartrouville.fr\/\",\"sameAs\":[],\"logo\":{\"@type\":\"ImageObject\",\"@id\":\"https:\/\/csf-sartrouville.fr\/#logo\",\"inLanguage\":\"fr-FR\",\"url\":\"https:\/\/csf-sartrouville.fr\/wp-content\/uploads\/2021\/11\/csf.jpg\",\"contentUrl\":\"https:\/\/csf-sartrouville.fr\/wp-content\/uploads\/2021\/11\/csf.jpg\",\"width\":214,\"height\":214,\"caption\":\"CSF SARTROUVILLE\"},\"image\":{\"@id\":\"https:\/\/csf-sartrouville.fr\/#logo\"}},{\"@type\":\"WebSite\",\"@id\":\"https:\/\/csf-sartrouville.fr\/#website\",\"url\":\"https:\/\/csf-sartrouville.fr\/\",\"name\":\"\",\"description\":\"\",\"publisher\":{\"@id\":\"https:\/\/csf-sartrouville.fr\/#organization\"},\"potentialAction\":[{\"@type\":\"SearchAction\",\"target\":{\"@type\":\"EntryPoint\",\"urlTemplate\":\"https:\/\/csf-sartrouville.fr\/?s={search_term_string}\"},\"query-input\":\"required name=search_term_string\"}],\"inLanguage\":\"fr-FR\"},{\"@type\":\"WebPage\",\"@id\":\"https:\/\/csf-sartrouville.fr\/index.php\/nous-rejoindre\/#webpage\",\"url\":\"https:\/\/csf-sartrouville.fr\/index.php\/nous-rejoindre\/\",\"name\":\"Nous rejoindre -\",\"isPartOf\":{\"@id\":\"https:\/\/csf-sartrouville.fr\/#website\"},\"datePublished\":\"2021-12-14T20:57:46+00:00\",\"dateModified\":\"2025-09-01T16:44:52+00:00\",\"breadcrumb\":{\"@id\":\"https:\/\/csf-sartrouville.fr\/index.php\/nous-rejoindre\/#breadcrumb\"},\"inLanguage\":\"fr-FR\",\"potentialAction\":[{\"@type\":\"ReadAction\",\"target\":[\"https:\/\/csf-sartrouville.fr\/index.php\/nous-rejoindre\/\"]}]},{\"@type\":\"BreadcrumbList\",\"@id\":\"https:\/\/csf-sartrouville.fr\/index.php\/nous-rejoindre\/#breadcrumb\",\"itemListElement\":[{\"@type\":\"ListItem\",\"position\":1,\"name\":\"Accueil\",\"item\":\"https:\/\/csf-sartrouville.fr\/\"},{\"@type\":\"ListItem\",\"position\":2,\"name\":\"Nous rejoindre\"}]}]}<\/script>\n<!-- \/ Yoast SEO plugin. -->","yoast_head_json":{"title":"Nous rejoindre -","robots":{"index":"index","follow":"follow","max-snippet":"max-snippet:-1","max-image-preview":"max-image-preview:large","max-video-preview":"max-video-preview:-1"},"canonical":"https:\/\/csf-sartrouville.fr\/index.php\/nous-rejoindre\/","og_locale":"fr_FR","og_type":"article","og_title":"Nous rejoindre -","og_description":"Vous avez un peu (ou beaucoup) de temps disponible pour mettre votre exp\u00e9rience au service des autres. L\u2019association est g\u00e9r\u00e9e par un Conseil syndical dont les membres sont tous b\u00e9n\u00e9voles.Les s\u00e9ances d\u2019aide au devoir sont anim\u00e9es par la directrice du service, par des vacataires mais aussi par des b\u00e9n\u00e9voles. Vous avez des projets et vous [&hellip;]","og_url":"https:\/\/csf-sartrouville.fr\/index.php\/nous-rejoindre\/","article_modified_time":"2025-09-01T16:44:52+00:00","twitter_card":"summary_large_image","twitter_misc":{"Dur\u00e9e de lecture estim\u00e9e":"1 minute"},"schema":{"@context":"https:\/\/schema.org","@graph":[{"@type":"Organization","@id":"https:\/\/csf-sartrouville.fr\/#organization","name":"CSF SARTROUVILLE","url":"https:\/\/csf-sartrouville.fr\/","sameAs":[],"logo":{"@type":"ImageObject","@id":"https:\/\/csf-sartrouville.fr\/#logo","inLanguage":"fr-FR","url":"https:\/\/csf-sartrouville.fr\/wp-content\/uploads\/2021\/11\/csf.jpg","contentUrl":"https:\/\/csf-sartrouville.fr\/wp-content\/uploads\/2021\/11\/csf.jpg","width":214,"height":214,"caption":"CSF SARTROUVILLE"},"image":{"@id":"https:\/\/csf-sartrouville.fr\/#logo"}},{"@type":"WebSite","@id":"https:\/\/csf-sartrouville.fr\/#website","url":"https:\/\/csf-sartrouville.fr\/","name":"","description":"","publisher":{"@id":"https:\/\/csf-sartrouville.fr\/#organization"},"potentialAction":[{"@type":"SearchAction","target":{"@type":"EntryPoint","urlTemplate":"https:\/\/csf-sartrouville.fr\/?s={search_term_string}"},"query-input":"required name=search_term_string"}],"inLanguage":"fr-FR"},{"@type":"WebPage","@id":"https:\/\/csf-sartrouville.fr\/index.php\/nous-rejoindre\/#webpage","url":"https:\/\/csf-sartrouville.fr\/index.php\/nous-rejoindre\/","name":"Nous rejoindre -","isPartOf":{"@id":"https:\/\/csf-sartrouville.fr\/#website"},"datePublished":"2021-12-14T20:57:46+00:00","dateModified":"2025-09-01T16:44:52+00:00","breadcrumb":{"@id":"https:\/\/csf-sartrouville.fr\/index.php\/nous-rejoindre\/#breadcrumb"},"inLanguage":"fr-FR","potentialAction":[{"@type":"ReadAction","target":["https:\/\/csf-sartrouville.fr\/index.php\/nous-rejoindre\/"]}]},{"@type":"BreadcrumbList","@id":"https:\/\/csf-sartrouville.fr\/index.php\/nous-rejoindre\/#breadcrumb","itemListElement":[{"@type":"ListItem","position":1,"name":"Accueil","item":"https:\/\/csf-sartrouville.fr\/"},{"@type":"ListItem","position":2,"name":"Nous rejoindre"}]}]}},"jetpack_sharing_enabled":true,"_links":{"self":[{"href":"https:\/\/csf-sartrouville.fr\/index.php\/wp-json\/wp\/v2\/pages\/281","targetHints":{"allow":["GET"]}}],"collection":[{"href":"https:\/\/csf-sartrouville.fr\/index.php\/wp-json\/wp\/v2\/pages"}],"about":[{"href":"https:\/\/csf-sartrouville.fr\/index.php\/wp-json\/wp\/v2\/types\/page"}],"author":[{"embeddable":true,"href":"https:\/\/csf-sartrouville.fr\/index.php\/wp-json\/wp\/v2\/users\/1"}],"replies":[{"embeddable":true,"href":"https:\/\/csf-sartrouville.fr\/index.php\/wp-json\/wp\/v2\/comments?post=281"}],"version-history":[{"count":16,"href":"https:\/\/csf-sartrouville.fr\/index.php\/wp-json\/wp\/v2\/pages\/281\/revisions"}],"predecessor-version":[{"id":1280,"href":"https:\/\/csf-sartrouville.fr\/index.php\/wp-json\/wp\/v2\/pages\/281\/revisions\/1280"}],"wp:attachment":[{"href":"https:\/\/csf-sartrouville.fr\/index.php\/wp-json\/wp\/v2\/media?parent=281"}],"curies":[{"name":"wp","href":"https:\/\/api.w.org\/{rel}","templated":true}]}}